{"id":1255,"date":"2024-03-27T12:32:52","date_gmt":"2024-03-27T15:32:52","guid":{"rendered":"https:\/\/editorial.utalca.cl\/?page_id=1255"},"modified":"2025-09-08T12:06:50","modified_gmt":"2025-09-08T15:06:50","slug":"autora-del-mes","status":"publish","type":"page","link":"https:\/\/editorial.utalca.cl\/?page_id=1255","title":{"rendered":"Autor(a) del Mes"},"content":{"rendered":"\t\t<div data-elementor-type=\"wp-page\" data-elementor-id=\"1255\" class=\"elementor elementor-1255\" data-elementor-settings=\"[]\">\n\t\t\t\t\t\t\t<div class=\"elementor-section-wrap\">\n\t\t\t\t\t\t\t<section class=\"elementor-section elementor-top-section elementor-element elementor-element-a7aeabd elementor-section-boxed elementor-section-height-default elementor-section-height-default\" data-id=\"a7aeabd\" data-element_type=\"section\">\n\t\t\t\t\t\t<div class=\"elementor-container elementor-column-gap-default\">\n\t\t\t\t\t<div class=\"elementor-column elementor-col-100 elementor-top-column elementor-element elementor-element-96bc240\" data-id=\"96bc240\" data-element_type=\"column\">\n\t\t\t<div class=\"elementor-widget-wrap elementor-element-populated\">\n\t\t\t\t\t\t\t\t<div class=\"elementor-element elementor-element-aab84d4 elementor-widget elementor-widget-spacer\" data-id=\"aab84d4\" data-element_type=\"widget\" data-widget_type=\"spacer.default\">\n\t\t\t\t<div class=\"elementor-widget-container\">\n\t\t\t\t\t<div class=\"elementor-spacer\">\n\t\t\t<div class=\"elementor-spacer-inner\"><\/div>\n\t\t<\/div>\n\t\t\t\t<\/div>\n\t\t\t\t<\/div>\n\t\t\t\t<div class=\"elementor-element elementor-element-a0bf093 elementor-widget elementor-widget-heading\" data-id=\"a0bf093\" data-element_type=\"widget\" data-widget_type=\"heading.default\">\n\t\t\t\t<div class=\"elementor-widget-container\">\n\t\t\t<style>\/*! elementor - v3.5.3 - 28-12-2021 *\/\n.elementor-heading-title{padding:0;margin:0;line-height:1}.elementor-widget-heading .elementor-heading-title[class*=elementor-size-]>a{color:inherit;font-size:inherit;line-height:inherit}.elementor-widget-heading .elementor-heading-title.elementor-size-small{font-size:15px}.elementor-widget-heading .elementor-heading-title.elementor-size-medium{font-size:19px}.elementor-widget-heading .elementor-heading-title.elementor-size-large{font-size:29px}.elementor-widget-heading .elementor-heading-title.elementor-size-xl{font-size:39px}.elementor-widget-heading .elementor-heading-title.elementor-size-xxl{font-size:59px}<\/style><h3 class=\"elementor-heading-title elementor-size-default\">Autor(a) del mes<\/h3>\t\t<\/div>\n\t\t\t\t<\/div>\n\t\t\t\t\t<\/div>\n\t\t<\/div>\n\t\t\t\t\t\t\t<\/div>\n\t\t<\/section>\n\t\t\t\t<section class=\"elementor-section elementor-top-section elementor-element elementor-element-3b9a925 elementor-section-boxed elementor-section-height-default elementor-section-height-default\" data-id=\"3b9a925\" data-element_type=\"section\">\n\t\t\t\t\t\t<div class=\"elementor-container elementor-column-gap-default\">\n\t\t\t\t\t<div class=\"elementor-column elementor-col-50 elementor-top-column elementor-element elementor-element-02c6d06\" data-id=\"02c6d06\" data-element_type=\"column\">\n\t\t\t<div class=\"elementor-widget-wrap elementor-element-populated\">\n\t\t\t\t\t\t\t\t<div class=\"elementor-element elementor-element-a5b9953 elementor-widget elementor-widget-spacer\" data-id=\"a5b9953\" data-element_type=\"widget\" data-widget_type=\"spacer.default\">\n\t\t\t\t<div class=\"elementor-widget-container\">\n\t\t\t\t\t<div class=\"elementor-spacer\">\n\t\t\t<div class=\"elementor-spacer-inner\"><\/div>\n\t\t<\/div>\n\t\t\t\t<\/div>\n\t\t\t\t<\/div>\n\t\t\t\t<div class=\"elementor-element elementor-element-58158df elementor-widget elementor-widget-image\" data-id=\"58158df\" data-element_type=\"widget\" data-widget_type=\"image.default\">\n\t\t\t\t<div class=\"elementor-widget-container\">\n\t\t\t<style>\/*! elementor - v3.5.3 - 28-12-2021 *\/\n.elementor-widget-image{text-align:center}.elementor-widget-image a{display:inline-block}.elementor-widget-image a img[src$=\".svg\"]{width:48px}.elementor-widget-image img{vertical-align:middle;display:inline-block}<\/style>\t\t\t\t\t\t\t\t\t<figure class=\"wp-caption\">\n\t\t\t\t\t\t\t\t\t\t<img loading=\"lazy\" decoding=\"async\" width=\"734\" height=\"1024\" src=\"https:\/\/editorial.utalca.cl\/wp-content\/uploads\/2025\/09\/Antonio_Lobo_Antunes_2010-734x1024.jpg\" class=\"attachment-large size-large\" alt=\"\" srcset=\"https:\/\/editorial.utalca.cl\/wp-content\/uploads\/2025\/09\/Antonio_Lobo_Antunes_2010-734x1024.jpg 734w, https:\/\/editorial.utalca.cl\/wp-content\/uploads\/2025\/09\/Antonio_Lobo_Antunes_2010-215x300.jpg 215w, https:\/\/editorial.utalca.cl\/wp-content\/uploads\/2025\/09\/Antonio_Lobo_Antunes_2010-768x1072.jpg 768w, https:\/\/editorial.utalca.cl\/wp-content\/uploads\/2025\/09\/Antonio_Lobo_Antunes_2010-1100x1536.jpg 1100w, https:\/\/editorial.utalca.cl\/wp-content\/uploads\/2025\/09\/Antonio_Lobo_Antunes_2010.jpg 1440w\" sizes=\"auto, (max-width: 734px) 100vw, 734px\" \/>\t\t\t\t\t\t\t\t\t\t\t<figcaption class=\"widget-image-caption wp-caption-text\">\u00a9 Georges Seguin<\/figcaption>\n\t\t\t\t\t\t\t\t\t\t<\/figure>\n\t\t\t\t\t\t\t\t\t<\/div>\n\t\t\t\t<\/div>\n\t\t\t\t\t<\/div>\n\t\t<\/div>\n\t\t\t\t<div class=\"elementor-column elementor-col-50 elementor-top-column elementor-element elementor-element-20f753e\" data-id=\"20f753e\" data-element_type=\"column\">\n\t\t\t<div class=\"elementor-widget-wrap elementor-element-populated\">\n\t\t\t\t\t\t\t\t<div class=\"elementor-element elementor-element-6a39598 elementor-widget elementor-widget-spacer\" data-id=\"6a39598\" data-element_type=\"widget\" data-widget_type=\"spacer.default\">\n\t\t\t\t<div class=\"elementor-widget-container\">\n\t\t\t\t\t<div class=\"elementor-spacer\">\n\t\t\t<div class=\"elementor-spacer-inner\"><\/div>\n\t\t<\/div>\n\t\t\t\t<\/div>\n\t\t\t\t<\/div>\n\t\t\t\t<div class=\"elementor-element elementor-element-7193ea7 elementor-widget elementor-widget-heading\" data-id=\"7193ea7\" data-element_type=\"widget\" data-widget_type=\"heading.default\">\n\t\t\t\t<div class=\"elementor-widget-container\">\n\t\t\t<h3 class=\"elementor-heading-title elementor-size-default\">Ant\u00f3nio Lobo Antunes <\/h3>\t\t<\/div>\n\t\t\t\t<\/div>\n\t\t\t\t<div class=\"elementor-element elementor-element-2bb7d06 elementor-widget elementor-widget-text-editor\" data-id=\"2bb7d06\" data-element_type=\"widget\" data-widget_type=\"text-editor.default\">\n\t\t\t\t<div class=\"elementor-widget-container\">\n\t\t\t<style>\/*! elementor - v3.5.3 - 28-12-2021 *\/\n.elementor-widget-text-editor.elementor-drop-cap-view-stacked .elementor-drop-cap{background-color:#818a91;color:#fff}.elementor-widget-text-editor.elementor-drop-cap-view-framed .elementor-drop-cap{color:#818a91;border:3px solid;background-color:transparent}.elementor-widget-text-editor:not(.elementor-drop-cap-view-default) .elementor-drop-cap{margin-top:8px}.elementor-widget-text-editor:not(.elementor-drop-cap-view-default) .elementor-drop-cap-letter{width:1em;height:1em}.elementor-widget-text-editor .elementor-drop-cap{float:left;text-align:center;line-height:1;font-size:50px}.elementor-widget-text-editor .elementor-drop-cap-letter{display:inline-block}<\/style>\t\t\t\t\t\t\t\t\t\t<\/div>\n\t\t\t\t<\/div>\n\t\t\t\t<div class=\"elementor-element elementor-element-8ab985a elementor-widget elementor-widget-text-editor\" data-id=\"8ab985a\" data-element_type=\"widget\" data-widget_type=\"text-editor.default\">\n\t\t\t\t<div class=\"elementor-widget-container\">\n\t\t\t\t\t\t\t<blockquote><p>\u201cA estas alturas del a\u00f1o, cuando llega la Navidad, me acuerdo siempre de mi abuelo. Es decir, me acuerdo muchas veces de mi abuelo pero me acuerdo mucho m\u00e1s en Navidad porque mientras vivi\u00f3 mi abuelo fue la \u00e9poca m\u00e1s feliz de mi vida. Yo era el hijo mayor de su hijo mayor, me llamo Ant\u00f3nio Lobo Antunes porque ese era su nombre\u201d.<\/p><p><br \/>Lobo Antunes en \u201cCr\u00f3nica de Navidad\u201d, Las cosas de la vida, Editorial UTalca<\/p><\/blockquote><p>Ant\u00f3nio Lobo Antunes ha cultivado la novela, convirti\u00e9ndose en uno de los autores portugueses m\u00e1s elogiados mundialmente. Estudi\u00f3 medicina y trabaj\u00f3 como psiquiatra en el ej\u00e9rcito de su pa\u00eds durante la Guerra Colonial en Angola, experiencia que marcar\u00eda su obra literaria posterior. Sus &#8220;memorias&#8221; ficticias de esa guerra, Al sur de ninguna parte, fueron especialmente apreciadas por la cr\u00edtica. A esta obra siguieron novelas ampliamente traducidas y galardonadas.<\/p><p><br \/>El autor es conocido por su estilo literario \u00fanico y complejo, que combina la prosa po\u00e9tica con la narrativa innovadora. Sus obras exploran temas como la memoria y la identidad, con novelas que abordan la b\u00fasqueda de significado y prop\u00f3sito, y la influencia de las experiencias pasadas en la percepci\u00f3n del mundo; la guerra y la violencia, en narrativas que retratan la brutalidad de los conflictos b\u00e9licos, el sufrimiento que provocan y sus consecuencias en la vida ps\u00edquica de los soldados; y la alienaci\u00f3n y soledad a trav\u00e9s de personajes que luchan por encontrar su lugar en la sociedad, superando traumas y fantasmas del pasado.<\/p><p><br \/>Algunas de las obras m\u00e1s destacadas de Lobo Antunes incluyen Memoria de elefante (1979), su primera novela, que explora la memoria y la identidad a trav\u00e9s de la historia de un hombre que ha perdido la memoria; Conocimiento del infierno (1980), que retrata la experiencia de un soldado portugu\u00e9s en la Guerra de Angola; El orden natural de las cosas (1992), novela que narra la vida de una familia portuguesa durante la Revoluci\u00f3n de los Claveles y Las cosas de la vida (2014), volumen de relatos publicado por Editorial Universidad de Talca.<\/p><p><br \/>Lobo Antunes ha recibido numerosos premios y reconocimientos por su obra literaria, incluyendo el Premio Cam\u00f5es 2007, el m\u00e1s importante de la lengua portuguesa a la literatura; el Premio Jerusal\u00e9n de Literatura 2014, en reconocimiento a su contribuci\u00f3n a la literatura y la cultura; el reconocimiento Caballero de la Orden de las Artes y las Letras 2007, honor que reconoce su contribuci\u00f3n a las artes y la cultura francesa y el Premio Iberoamericano de Letras Jos\u00e9 Donoso 2006, que otorga la Universidad de Talca a los escritores m\u00e1s destacados de las letras de habla hispana y portuguesa.<\/p>\t\t\t\t\t\t<\/div>\n\t\t\t\t<\/div>\n\t\t\t\t<div class=\"elementor-element elementor-element-6849ed2 elementor-widget elementor-widget-text-editor\" data-id=\"6849ed2\" data-element_type=\"widget\" data-widget_type=\"text-editor.default\">\n\t\t\t\t<div class=\"elementor-widget-container\">\n\t\t\t\t\t\t\t\t\t\t\t\t\t<\/div>\n\t\t\t\t<\/div>\n\t\t\t\t<div class=\"elementor-element elementor-element-c92c194 elementor-widget elementor-widget-text-editor\" data-id=\"c92c194\" data-element_type=\"widget\" data-widget_type=\"text-editor.default\">\n\t\t\t\t<div class=\"elementor-widget-container\">\n\t\t\t\t\t\t\t\t\t\t\t\t\t<\/div>\n\t\t\t\t<\/div>\n\t\t\t\t<div class=\"elementor-element elementor-element-587a52b elementor-widget elementor-widget-text-editor\" data-id=\"587a52b\" data-element_type=\"widget\" data-widget_type=\"text-editor.default\">\n\t\t\t\t<div class=\"elementor-widget-container\">\n\t\t\t\t\t\t\t\t\t\t\t\t\t<\/div>\n\t\t\t\t<\/div>\n\t\t\t\t<div class=\"elementor-element elementor-element-988f505 elementor-widget elementor-widget-text-editor\" data-id=\"988f505\" data-element_type=\"widget\" data-widget_type=\"text-editor.default\">\n\t\t\t\t<div class=\"elementor-widget-container\">\n\t\t\t\t\t\t\t\t\t\t\t\t\t<\/div>\n\t\t\t\t<\/div>\n\t\t\t\t\t<\/div>\n\t\t<\/div>\n\t\t\t\t\t\t\t<\/div>\n\t\t<\/section>\n\t\t\t\t<section class=\"elementor-section elementor-top-section elementor-element elementor-element-ae6f9aa elementor-section-boxed elementor-section-height-default elementor-section-height-default\" data-id=\"ae6f9aa\" data-element_type=\"section\">\n\t\t\t\t\t\t<div class=\"elementor-container elementor-column-gap-default\">\n\t\t\t\t\t<div class=\"elementor-column elementor-col-100 elementor-top-column elementor-element elementor-element-f771dc8\" data-id=\"f771dc8\" data-element_type=\"column\">\n\t\t\t<div class=\"elementor-widget-wrap elementor-element-populated\">\n\t\t\t\t\t\t\t\t<div class=\"elementor-element elementor-element-6e24417 elementor-widget elementor-widget-spacer\" data-id=\"6e24417\" data-element_type=\"widget\" data-widget_type=\"spacer.default\">\n\t\t\t\t<div class=\"elementor-widget-container\">\n\t\t\t\t\t<div class=\"elementor-spacer\">\n\t\t\t<div class=\"elementor-spacer-inner\"><\/div>\n\t\t<\/div>\n\t\t\t\t<\/div>\n\t\t\t\t<\/div>\n\t\t\t\t\t<\/div>\n\t\t<\/div>\n\t\t\t\t\t\t\t<\/div>\n\t\t<\/section>\n\t\t\t\t<section class=\"elementor-section elementor-top-section elementor-element elementor-element-47cc02bd elementor-section-full_width elementor-section-stretched elementor-section-height-default elementor-section-height-default\" data-id=\"47cc02bd\" data-element_type=\"section\" data-settings=\"{&quot;background_background&quot;:&quot;classic&quot;,&quot;stretch_section&quot;:&quot;section-stretched&quot;}\">\n\t\t\t\t\t\t<div class=\"elementor-container elementor-column-gap-default\">\n\t\t\t\t\t<div class=\"elementor-column elementor-col-100 elementor-top-column elementor-element elementor-element-1fc5529f\" data-id=\"1fc5529f\" data-element_type=\"column\" data-settings=\"{&quot;background_background&quot;:&quot;classic&quot;}\">\n\t\t\t<div class=\"elementor-widget-wrap elementor-element-populated\">\n\t\t\t\t\t\t\t\t<div class=\"elementor-element elementor-element-1458631d elementor-widget elementor-widget-heading\" data-id=\"1458631d\" data-element_type=\"widget\" data-widget_type=\"heading.default\">\n\t\t\t\t<div class=\"elementor-widget-container\">\n\t\t\t<h2 class=\"elementor-heading-title elementor-size-default\">Suscr\u00edbete a nuestro Newsletter<\/h2>\t\t<\/div>\n\t\t\t\t<\/div>\n\t\t\t\t<section class=\"elementor-section elementor-inner-section elementor-element elementor-element-394a254e elementor-section-boxed elementor-section-height-default elementor-section-height-default\" data-id=\"394a254e\" data-element_type=\"section\">\n\t\t\t\t\t\t<div class=\"elementor-container elementor-column-gap-default\">\n\t\t\t\t\t<div class=\"elementor-column elementor-col-33 elementor-inner-column elementor-element elementor-element-5deb9398\" data-id=\"5deb9398\" data-element_type=\"column\">\n\t\t\t<div class=\"elementor-widget-wrap\">\n\t\t\t\t\t\t\t\t\t<\/div>\n\t\t<\/div>\n\t\t\t\t<div class=\"elementor-column elementor-col-33 elementor-inner-column elementor-element elementor-element-227395d4\" data-id=\"227395d4\" data-element_type=\"column\">\n\t\t\t<div class=\"elementor-widget-wrap elementor-element-populated\">\n\t\t\t\t\t\t\t\t<div class=\"elementor-element elementor-element-66fa04c9 elementor-widget elementor-widget-text-editor\" data-id=\"66fa04c9\" data-element_type=\"widget\" data-widget_type=\"text-editor.default\">\n\t\t\t\t<div class=\"elementor-widget-container\">\n\t\t\t\t\t\t\t<p>Y ent\u00e9rate de todos nuestras novedades, lanzamientos, nuevos autores y promociones.<\/p>\t\t\t\t\t\t<\/div>\n\t\t\t\t<\/div>\n\t\t\t\t<div class=\"elementor-element elementor-element-70047dc1 elementor-widget elementor-widget-wp-widget-newsletterwidgetminimal\" data-id=\"70047dc1\" data-element_type=\"widget\" data-widget_type=\"wp-widget-newsletterwidgetminimal.default\">\n\t\t\t\t<div class=\"elementor-widget-container\">\n\t\t\t<div class=\"tnp tnp-widget-minimal\"><form class=\"tnp-form\" action=\"https:\/\/editorial.utalca.cl\/?na=s\" method=\"post\"><input type=\"hidden\" name=\"nr\" value=\"widget-minimal\"\/><input class=\"tnp-email\" type=\"email\" required name=\"ne\" value=\"\" placeholder=\"Email\"><input class=\"tnp-submit\" type=\"submit\" value=\"SUSCRIBIRSE\"><\/form><\/div>\t\t<\/div>\n\t\t\t\t<\/div>\n\t\t\t\t\t<\/div>\n\t\t<\/div>\n\t\t\t\t<div class=\"elementor-column elementor-col-33 elementor-inner-column elementor-element elementor-element-55421fd4\" data-id=\"55421fd4\" data-element_type=\"column\">\n\t\t\t<div class=\"elementor-widget-wrap\">\n\t\t\t\t\t\t\t\t\t<\/div>\n\t\t<\/div>\n\t\t\t\t\t\t\t<\/div>\n\t\t<\/section>\n\t\t\t\t\t<\/div>\n\t\t<\/div>\n\t\t\t\t\t\t\t<\/div>\n\t\t<\/section>\n\t\t\t\t\t\t<\/div>\n\t\t\t\t\t<\/div>\n\t\t","protected":false},"excerpt":{"rendered":"<p>Autor(a) del mes \u00a9 Georges Seguin Ant\u00f3nio Lobo Antunes \u201cA estas alturas del a\u00f1o, cuando llega la Navidad, me acuerdo siempre de mi abuelo. Es decir, me acuerdo muchas veces de mi abuelo pero me acuerdo mucho m\u00e1s en Navidad porque mientras vivi\u00f3 mi abuelo fue la \u00e9poca m\u00e1s feliz de mi vida. Yo era &hellip;<\/p>\n<p class=\"read-more\"> <a class=\"\" href=\"https:\/\/editorial.utalca.cl\/?page_id=1255\"> <span class=\"screen-reader-text\">Autor(a) del Mes<\/span> Leer M\u00e1s &raquo;<\/a><\/p>\n","protected":false},"author":1,"featured_media":0,"parent":0,"menu_order":0,"comment_status":"closed","ping_status":"closed","template":"elementor_header_footer","meta":{"_mi_skip_tracking":false,"site-sidebar-layout":"","site-content-layout":"","ast-main-header-display":"","ast-hfb-above-header-display":"","ast-hfb-below-header-display":"","ast-hfb-mobile-header-display":"","site-post-title":"","ast-breadcrumbs-content":"","ast-featured-img":"","footer-sml-layout":"","theme-transparent-header-meta":"","adv-header-id-meta":"","stick-header-meta":"","header-above-stick-meta":"","header-main-stick-meta":"","header-below-stick-meta":"","footnotes":""},"class_list":["post-1255","page","type-page","status-publish","hentry"],"_links":{"self":[{"href":"https:\/\/editorial.utalca.cl\/index.php?rest_route=\/wp\/v2\/pages\/1255","targetHints":{"allow":["GET"]}}],"collection":[{"href":"https:\/\/editorial.utalca.cl\/index.php?rest_route=\/wp\/v2\/pages"}],"about":[{"href":"https:\/\/editorial.utalca.cl\/index.php?rest_route=\/wp\/v2\/types\/page"}],"author":[{"embeddable":true,"href":"https:\/\/editorial.utalca.cl\/index.php?rest_route=\/wp\/v2\/users\/1"}],"replies":[{"embeddable":true,"href":"https:\/\/editorial.utalca.cl\/index.php?rest_route=%2Fwp%2Fv2%2Fcomments&post=1255"}],"version-history":[{"count":119,"href":"https:\/\/editorial.utalca.cl\/index.php?rest_route=\/wp\/v2\/pages\/1255\/revisions"}],"predecessor-version":[{"id":1747,"href":"https:\/\/editorial.utalca.cl\/index.php?rest_route=\/wp\/v2\/pages\/1255\/revisions\/1747"}],"wp:attachment":[{"href":"https:\/\/editorial.utalca.cl\/index.php?rest_route=%2Fwp%2Fv2%2Fmedia&parent=1255"}],"curies":[{"name":"wp","href":"https:\/\/api.w.org\/{rel}","templated":true}]}}