{"id":588,"date":"2021-12-15T16:55:10","date_gmt":"2021-12-15T19:55:10","guid":{"rendered":"http:\/\/www.desarrollowpeditorial.utalca.cl\/?page_id=588"},"modified":"2024-08-29T17:02:24","modified_gmt":"2024-08-29T20:02:24","slug":"quienes-somos","status":"publish","type":"page","link":"https:\/\/editorial.utalca.cl\/?page_id=588","title":{"rendered":"Qui\u00e9nes Somos"},"content":{"rendered":"\t\t<div data-elementor-type=\"wp-page\" data-elementor-id=\"588\" class=\"elementor elementor-588\" data-elementor-settings=\"[]\">\n\t\t\t\t\t\t\t<div class=\"elementor-section-wrap\">\n\t\t\t\t\t\t\t<section class=\"elementor-section elementor-top-section elementor-element elementor-element-a7aeabd elementor-section-boxed elementor-section-height-default elementor-section-height-default\" data-id=\"a7aeabd\" data-element_type=\"section\">\n\t\t\t\t\t\t<div class=\"elementor-container elementor-column-gap-default\">\n\t\t\t\t\t<div class=\"elementor-column elementor-col-100 elementor-top-column elementor-element elementor-element-a190461\" data-id=\"a190461\" data-element_type=\"column\">\n\t\t\t<div class=\"elementor-widget-wrap elementor-element-populated\">\n\t\t\t\t\t\t\t\t<div class=\"elementor-element elementor-element-57a4171 elementor-widget elementor-widget-spacer\" data-id=\"57a4171\" data-element_type=\"widget\" data-widget_type=\"spacer.default\">\n\t\t\t\t<div class=\"elementor-widget-container\">\n\t\t\t\t\t<div class=\"elementor-spacer\">\n\t\t\t<div class=\"elementor-spacer-inner\"><\/div>\n\t\t<\/div>\n\t\t\t\t<\/div>\n\t\t\t\t<\/div>\n\t\t\t\t<div class=\"elementor-element elementor-element-14b5365 elementor-widget elementor-widget-heading\" data-id=\"14b5365\" data-element_type=\"widget\" data-widget_type=\"heading.default\">\n\t\t\t\t<div class=\"elementor-widget-container\">\n\t\t\t<style>\/*! elementor - v3.5.3 - 28-12-2021 *\/\n.elementor-heading-title{padding:0;margin:0;line-height:1}.elementor-widget-heading .elementor-heading-title[class*=elementor-size-]>a{color:inherit;font-size:inherit;line-height:inherit}.elementor-widget-heading .elementor-heading-title.elementor-size-small{font-size:15px}.elementor-widget-heading .elementor-heading-title.elementor-size-medium{font-size:19px}.elementor-widget-heading .elementor-heading-title.elementor-size-large{font-size:29px}.elementor-widget-heading .elementor-heading-title.elementor-size-xl{font-size:39px}.elementor-widget-heading .elementor-heading-title.elementor-size-xxl{font-size:59px}<\/style><h2 class=\"elementor-heading-title elementor-size-default\">Qui\u00e9nes Somos<\/h2>\t\t<\/div>\n\t\t\t\t<\/div>\n\t\t\t\t<div class=\"elementor-element elementor-element-0015eca elementor-widget elementor-widget-spacer\" data-id=\"0015eca\" data-element_type=\"widget\" data-widget_type=\"spacer.default\">\n\t\t\t\t<div class=\"elementor-widget-container\">\n\t\t\t\t\t<div class=\"elementor-spacer\">\n\t\t\t<div class=\"elementor-spacer-inner\"><\/div>\n\t\t<\/div>\n\t\t\t\t<\/div>\n\t\t\t\t<\/div>\n\t\t\t\t\t<\/div>\n\t\t<\/div>\n\t\t\t\t\t\t\t<\/div>\n\t\t<\/section>\n\t\t\t\t<section class=\"elementor-section elementor-top-section elementor-element elementor-element-c368850 elementor-section-boxed elementor-section-height-default elementor-section-height-default\" data-id=\"c368850\" data-element_type=\"section\">\n\t\t\t\t\t\t<div class=\"elementor-container elementor-column-gap-default\">\n\t\t\t\t\t<div class=\"elementor-column elementor-col-100 elementor-top-column elementor-element elementor-element-e74684e\" data-id=\"e74684e\" data-element_type=\"column\">\n\t\t\t<div class=\"elementor-widget-wrap elementor-element-populated\">\n\t\t\t\t\t\t\t\t<section class=\"elementor-section elementor-inner-section elementor-element elementor-element-4c7b81c elementor-section-boxed elementor-section-height-default elementor-section-height-default\" data-id=\"4c7b81c\" data-element_type=\"section\">\n\t\t\t\t\t\t<div class=\"elementor-container elementor-column-gap-default\">\n\t\t\t\t\t<div class=\"elementor-column elementor-col-100 elementor-inner-column elementor-element elementor-element-a8d2089\" data-id=\"a8d2089\" data-element_type=\"column\">\n\t\t\t<div class=\"elementor-widget-wrap elementor-element-populated\">\n\t\t\t\t\t\t\t\t<div class=\"elementor-element elementor-element-bdad193 elementor-widget elementor-widget-text-editor\" data-id=\"bdad193\" data-element_type=\"widget\" data-widget_type=\"text-editor.default\">\n\t\t\t\t<div class=\"elementor-widget-container\">\n\t\t\t<style>\/*! elementor - v3.5.3 - 28-12-2021 *\/\n.elementor-widget-text-editor.elementor-drop-cap-view-stacked .elementor-drop-cap{background-color:#818a91;color:#fff}.elementor-widget-text-editor.elementor-drop-cap-view-framed .elementor-drop-cap{color:#818a91;border:3px solid;background-color:transparent}.elementor-widget-text-editor:not(.elementor-drop-cap-view-default) .elementor-drop-cap{margin-top:8px}.elementor-widget-text-editor:not(.elementor-drop-cap-view-default) .elementor-drop-cap-letter{width:1em;height:1em}.elementor-widget-text-editor .elementor-drop-cap{float:left;text-align:center;line-height:1;font-size:50px}.elementor-widget-text-editor .elementor-drop-cap-letter{display:inline-block}<\/style>\t\t\t\t<p>La Editorial colabora con la Misi\u00f3n de la Universidad de Talca desde su propio quehacer, alineada con el Plan Estrat\u00e9gico de la Instituci\u00f3n y su Sistema Integral de Aseguramiento de la Calidad.<\/p><p>La Universidad de Talca reconoce el quehacer editorial como una actividad fundamental y respalda, a trav\u00e9s de su sello, todas aquellas producciones que estima relevantes, considerando tres factores claves:<\/p><ul><li>Vinculaci\u00f3n con el medio en sus zonas de influencia.<\/li><li>Producci\u00f3n cient\u00edfica y cultural de la comunidad acad\u00e9mica.<\/li><li>Consolidaci\u00f3n de sus colecciones.<\/li><\/ul><p><strong>MISI\u00d3N <\/strong><\/p><p>Contribuir a posicionar a la Universidad de Talca como promotora de contenidos de alta calidad, en el campo de las Ciencias, la Tecnolog\u00eda, la Educaci\u00f3n y la Cultura, gestionando en forma proactiva el proceso editorial y su distribuci\u00f3n nacional e internacional.<\/p><p><strong>VISI\u00d3N <\/strong><\/p><p>Ser reconocida como un referente dentro del grupo de las editoriales universitarias de Chile.<\/p>\t\t\t\t\t\t<\/div>\n\t\t\t\t<\/div>\n\t\t\t\t\t<\/div>\n\t\t<\/div>\n\t\t\t\t\t\t\t<\/div>\n\t\t<\/section>\n\t\t\t\t\t<\/div>\n\t\t<\/div>\n\t\t\t\t\t\t\t<\/div>\n\t\t<\/section>\n\t\t\t\t<section class=\"elementor-section elementor-top-section elementor-element elementor-element-6713d38 elementor-section-boxed elementor-section-height-default elementor-section-height-default\" data-id=\"6713d38\" data-element_type=\"section\">\n\t\t\t\t\t\t<div class=\"elementor-container elementor-column-gap-default\">\n\t\t\t\t\t<div class=\"elementor-column elementor-col-100 elementor-top-column elementor-element elementor-element-f938000\" data-id=\"f938000\" data-element_type=\"column\">\n\t\t\t<div class=\"elementor-widget-wrap elementor-element-populated\">\n\t\t\t\t\t\t\t\t<div class=\"elementor-element elementor-element-4d3e07a elementor-widget elementor-widget-spacer\" data-id=\"4d3e07a\" data-element_type=\"widget\" data-widget_type=\"spacer.default\">\n\t\t\t\t<div class=\"elementor-widget-container\">\n\t\t\t\t\t<div class=\"elementor-spacer\">\n\t\t\t<div class=\"elementor-spacer-inner\"><\/div>\n\t\t<\/div>\n\t\t\t\t<\/div>\n\t\t\t\t<\/div>\n\t\t\t\t<div class=\"elementor-element elementor-element-ed7fb4b elementor-widget elementor-widget-heading\" data-id=\"ed7fb4b\" data-element_type=\"widget\" data-widget_type=\"heading.default\">\n\t\t\t\t<div class=\"elementor-widget-container\">\n\t\t\t<h2 class=\"elementor-heading-title elementor-size-default\">Contactos<\/h2>\t\t<\/div>\n\t\t\t\t<\/div>\n\t\t\t\t<div class=\"elementor-element elementor-element-8411644 elementor-widget elementor-widget-spacer\" data-id=\"8411644\" data-element_type=\"widget\" data-widget_type=\"spacer.default\">\n\t\t\t\t<div class=\"elementor-widget-container\">\n\t\t\t\t\t<div class=\"elementor-spacer\">\n\t\t\t<div class=\"elementor-spacer-inner\"><\/div>\n\t\t<\/div>\n\t\t\t\t<\/div>\n\t\t\t\t<\/div>\n\t\t\t\t\t<\/div>\n\t\t<\/div>\n\t\t\t\t\t\t\t<\/div>\n\t\t<\/section>\n\t\t\t\t<section class=\"elementor-section elementor-top-section elementor-element elementor-element-0b51d61 elementor-section-boxed elementor-section-height-default elementor-section-height-default\" data-id=\"0b51d61\" data-element_type=\"section\">\n\t\t\t\t\t\t<div class=\"elementor-container elementor-column-gap-default\">\n\t\t\t\t\t<div class=\"elementor-column elementor-col-100 elementor-top-column elementor-element elementor-element-b83ff0f\" data-id=\"b83ff0f\" data-element_type=\"column\">\n\t\t\t<div class=\"elementor-widget-wrap elementor-element-populated\">\n\t\t\t\t\t\t\t\t<section class=\"elementor-section elementor-inner-section elementor-element elementor-element-8593346 elementor-section-boxed elementor-section-height-default elementor-section-height-default\" data-id=\"8593346\" data-element_type=\"section\">\n\t\t\t\t\t\t<div class=\"elementor-container elementor-column-gap-default\">\n\t\t\t\t\t<div class=\"elementor-column elementor-col-100 elementor-inner-column elementor-element elementor-element-c6cb53f\" data-id=\"c6cb53f\" data-element_type=\"column\">\n\t\t\t<div class=\"elementor-widget-wrap elementor-element-populated\">\n\t\t\t\t\t\t\t\t<div class=\"elementor-element elementor-element-effe6f5 elementor-widget elementor-widget-text-editor\" data-id=\"effe6f5\" data-element_type=\"widget\" data-widget_type=\"text-editor.default\">\n\t\t\t\t<div class=\"elementor-widget-container\">\n\t\t\t\t\t\t\t<p><strong>DIRECTORA EDITORIAL:\u00a0<br \/>Marcela Albornoz Dachelet\u00a0<br \/><\/strong>Email:\u00a0<a class=\"ebook\" href=\"mailto:malborno@utalca.cl\">malborno@utalca.cl<\/a><br \/>Tel\u00e9fono: (56-71) 2 200120<br \/>Casilla postal: 721\u00a0<br \/>2 Norte 685, Talca &#8211; Chile<\/p><p><strong>VENTAS Y DISTRIBUCI\u00d3N:<\/strong><br \/><strong>Macarena Oses Orellana<\/strong><br \/>Email:\u00a0<a class=\"ebook\" href=\"mailto:ssuazo@utalca.cl\">macarena.oses@utalca.cl<\/a><br \/>Tel\u00e9fono: (56-71) 2 200154<br \/>Casilla Postal: 721<br \/>1 Poniente 1141, Talca &#8211; Chile<\/p><p><strong>DEPTO. DE DISE\u00d1O:\u00a0<\/strong><br \/><strong>Alicia Barrag\u00e1n Mart\u00ednez<\/strong><br \/>Email:\u00a0<a class=\"ebook\" href=\"mailto:abarragan@utalca.cl\">abarragan@utalca.cl<\/a>\u00a0<br \/>Tel\u00e9fono: (56-71) 2 200190<br \/>Casilla postal: 721\u00a0<br \/>2 Norte 685, Talca &#8211; Chile<\/p><p><strong>INFORMACIONES:\u00a0<\/strong><br \/><a class=\"ebook\" href=\"mailto:editorial@utalca.cl\">editorial@utalca.cl<\/a><\/p>\t\t\t\t\t\t<\/div>\n\t\t\t\t<\/div>\n\t\t\t\t\t<\/div>\n\t\t<\/div>\n\t\t\t\t\t\t\t<\/div>\n\t\t<\/section>\n\t\t\t\t\t<\/div>\n\t\t<\/div>\n\t\t\t\t\t\t\t<\/div>\n\t\t<\/section>\n\t\t\t\t<section class=\"elementor-section elementor-top-section elementor-element elementor-element-ae6f9aa elementor-section-boxed elementor-section-height-default elementor-section-height-default\" data-id=\"ae6f9aa\" data-element_type=\"section\">\n\t\t\t\t\t\t<div class=\"elementor-container elementor-column-gap-default\">\n\t\t\t\t\t<div class=\"elementor-column elementor-col-100 elementor-top-column elementor-element elementor-element-f771dc8\" data-id=\"f771dc8\" data-element_type=\"column\">\n\t\t\t<div class=\"elementor-widget-wrap elementor-element-populated\">\n\t\t\t\t\t\t\t\t<div class=\"elementor-element elementor-element-6e24417 elementor-widget elementor-widget-spacer\" data-id=\"6e24417\" data-element_type=\"widget\" data-widget_type=\"spacer.default\">\n\t\t\t\t<div class=\"elementor-widget-container\">\n\t\t\t\t\t<div class=\"elementor-spacer\">\n\t\t\t<div class=\"elementor-spacer-inner\"><\/div>\n\t\t<\/div>\n\t\t\t\t<\/div>\n\t\t\t\t<\/div>\n\t\t\t\t\t<\/div>\n\t\t<\/div>\n\t\t\t\t\t\t\t<\/div>\n\t\t<\/section>\n\t\t\t\t<section class=\"elementor-section elementor-top-section elementor-element elementor-element-47cc02bd elementor-section-full_width elementor-section-stretched elementor-section-height-default elementor-section-height-default\" data-id=\"47cc02bd\" data-element_type=\"section\" data-settings=\"{&quot;background_background&quot;:&quot;classic&quot;,&quot;stretch_section&quot;:&quot;section-stretched&quot;}\">\n\t\t\t\t\t\t<div class=\"elementor-container elementor-column-gap-default\">\n\t\t\t\t\t<div class=\"elementor-column elementor-col-100 elementor-top-column elementor-element elementor-element-1fc5529f\" data-id=\"1fc5529f\" data-element_type=\"column\" data-settings=\"{&quot;background_background&quot;:&quot;classic&quot;}\">\n\t\t\t<div class=\"elementor-widget-wrap elementor-element-populated\">\n\t\t\t\t\t\t\t\t<div class=\"elementor-element elementor-element-1458631d elementor-widget elementor-widget-heading\" data-id=\"1458631d\" data-element_type=\"widget\" data-widget_type=\"heading.default\">\n\t\t\t\t<div class=\"elementor-widget-container\">\n\t\t\t<h2 class=\"elementor-heading-title elementor-size-default\">Suscr\u00edbete a nuestro Newsletter<\/h2>\t\t<\/div>\n\t\t\t\t<\/div>\n\t\t\t\t<section class=\"elementor-section elementor-inner-section elementor-element elementor-element-394a254e elementor-section-boxed elementor-section-height-default elementor-section-height-default\" data-id=\"394a254e\" data-element_type=\"section\">\n\t\t\t\t\t\t<div class=\"elementor-container elementor-column-gap-default\">\n\t\t\t\t\t<div class=\"elementor-column elementor-col-33 elementor-inner-column elementor-element elementor-element-5deb9398\" data-id=\"5deb9398\" data-element_type=\"column\">\n\t\t\t<div class=\"elementor-widget-wrap\">\n\t\t\t\t\t\t\t\t\t<\/div>\n\t\t<\/div>\n\t\t\t\t<div class=\"elementor-column elementor-col-33 elementor-inner-column elementor-element elementor-element-227395d4\" data-id=\"227395d4\" data-element_type=\"column\">\n\t\t\t<div class=\"elementor-widget-wrap elementor-element-populated\">\n\t\t\t\t\t\t\t\t<div class=\"elementor-element elementor-element-66fa04c9 elementor-widget elementor-widget-text-editor\" data-id=\"66fa04c9\" data-element_type=\"widget\" data-widget_type=\"text-editor.default\">\n\t\t\t\t<div class=\"elementor-widget-container\">\n\t\t\t\t\t\t\t<p>Y ent\u00e9rate de todos nuestras novedades, lanzamientos, nuevos autores y promociones.<\/p>\t\t\t\t\t\t<\/div>\n\t\t\t\t<\/div>\n\t\t\t\t<div class=\"elementor-element elementor-element-70047dc1 elementor-widget elementor-widget-wp-widget-newsletterwidgetminimal\" data-id=\"70047dc1\" data-element_type=\"widget\" data-widget_type=\"wp-widget-newsletterwidgetminimal.default\">\n\t\t\t\t<div class=\"elementor-widget-container\">\n\t\t\t<div class=\"tnp tnp-widget-minimal\"><form class=\"tnp-form\" action=\"https:\/\/editorial.utalca.cl\/?na=s\" method=\"post\"><input type=\"hidden\" name=\"nr\" value=\"widget-minimal\"\/><input class=\"tnp-email\" type=\"email\" required name=\"ne\" value=\"\" placeholder=\"Email\"><input class=\"tnp-submit\" type=\"submit\" value=\"SUSCRIBIRSE\"><\/form><\/div>\t\t<\/div>\n\t\t\t\t<\/div>\n\t\t\t\t\t<\/div>\n\t\t<\/div>\n\t\t\t\t<div class=\"elementor-column elementor-col-33 elementor-inner-column elementor-element elementor-element-55421fd4\" data-id=\"55421fd4\" data-element_type=\"column\">\n\t\t\t<div class=\"elementor-widget-wrap\">\n\t\t\t\t\t\t\t\t\t<\/div>\n\t\t<\/div>\n\t\t\t\t\t\t\t<\/div>\n\t\t<\/section>\n\t\t\t\t\t<\/div>\n\t\t<\/div>\n\t\t\t\t\t\t\t<\/div>\n\t\t<\/section>\n\t\t\t\t\t\t<\/div>\n\t\t\t\t\t<\/div>\n\t\t","protected":false},"excerpt":{"rendered":"<p>Qui\u00e9nes Somos La Editorial colabora con la Misi\u00f3n de la Universidad de Talca desde su propio quehacer, alineada con el Plan Estrat\u00e9gico de la Instituci\u00f3n y su Sistema Integral de Aseguramiento de la Calidad. La Universidad de Talca reconoce el quehacer editorial como una actividad fundamental y respalda, a trav\u00e9s de su sello, todas aquellas &hellip;<\/p>\n<p class=\"read-more\"> <a class=\"\" href=\"https:\/\/editorial.utalca.cl\/?page_id=588\"> <span class=\"screen-reader-text\">Qui\u00e9nes Somos<\/span> Leer M\u00e1s &raquo;<\/a><\/p>\n","protected":false},"author":1,"featured_media":0,"parent":0,"menu_order":0,"comment_status":"closed","ping_status":"closed","template":"elementor_header_footer","meta":{"_mi_skip_tracking":false,"site-sidebar-layout":"","site-content-layout":"","ast-main-header-display":"","ast-hfb-above-header-display":"","ast-hfb-below-header-display":"","ast-hfb-mobile-header-display":"","site-post-title":"","ast-breadcrumbs-content":"","ast-featured-img":"","footer-sml-layout":"","theme-transparent-header-meta":"","adv-header-id-meta":"","stick-header-meta":"","header-above-stick-meta":"","header-main-stick-meta":"","header-below-stick-meta":"","footnotes":""},"class_list":["post-588","page","type-page","status-publish","hentry"],"_links":{"self":[{"href":"https:\/\/editorial.utalca.cl\/index.php?rest_route=\/wp\/v2\/pages\/588","targetHints":{"allow":["GET"]}}],"collection":[{"href":"https:\/\/editorial.utalca.cl\/index.php?rest_route=\/wp\/v2\/pages"}],"about":[{"href":"https:\/\/editorial.utalca.cl\/index.php?rest_route=\/wp\/v2\/types\/page"}],"author":[{"embeddable":true,"href":"https:\/\/editorial.utalca.cl\/index.php?rest_route=\/wp\/v2\/users\/1"}],"replies":[{"embeddable":true,"href":"https:\/\/editorial.utalca.cl\/index.php?rest_route=%2Fwp%2Fv2%2Fcomments&post=588"}],"version-history":[{"count":31,"href":"https:\/\/editorial.utalca.cl\/index.php?rest_route=\/wp\/v2\/pages\/588\/revisions"}],"predecessor-version":[{"id":1455,"href":"https:\/\/editorial.utalca.cl\/index.php?rest_route=\/wp\/v2\/pages\/588\/revisions\/1455"}],"wp:attachment":[{"href":"https:\/\/editorial.utalca.cl\/index.php?rest_route=%2Fwp%2Fv2%2Fmedia&parent=588"}],"curies":[{"name":"wp","href":"https:\/\/api.w.org\/{rel}","templated":true}]}}